{"id":764,"date":"2023-12-26T18:28:10","date_gmt":"2023-12-26T17:28:10","guid":{"rendered":"https:\/\/elbaferries.com\/privacy-policy\/"},"modified":"2025-05-03T21:00:09","modified_gmt":"2025-05-03T20:00:09","slug":"privacy-policy","status":"publish","type":"page","link":"https:\/\/elbaferries.com\/fr\/privacy-policy\/","title":{"rendered":"Privacy e cookie Policy"},"content":{"rendered":"\n<p><\/p>\n\n\n\n<p>L&rsquo;adresse de notre site web est : https:\/\/elbaferries.com.<\/p>\n\n\n\n<h3 class=\"wp-block-heading\">Que sont les cookies&nbsp;?<\/h3>\n\n\n\n<p>Les cookies sont de petits fichiers texte envoy\u00e9s par les sites web que vous visitez et enregistr\u00e9s sur votre appareil, puis retransmis \u00e0 ces m\u00eames sites lors de vos visites ult\u00e9rieures.<\/p>\n\n\n\n<h3 class=\"wp-block-heading\">Cookies sur ElbaFerries.com<\/h3>\n\n\n\n<p>ElbaFerries.com <strong>n&rsquo;utilise aucun type de cookie<\/strong>.<\/p>\n\n\n\n<h3 class=\"wp-block-heading\">Comment analysons-nous le trafic sur notre site ?<\/h3>\n\n\n\n<p>Pour analyser et mieux comprendre le trafic sur notre site web, nous utilisons <strong>Umami<\/strong>, un outil d\u2019analyse web open source qui respecte la vie priv\u00e9e des utilisateurs. Umami n\u2019utilise pas de cookies et ne collecte ni donn\u00e9es personnelles ni traceurs intrusifs.<\/p>\n\n\n\n<p>Les donn\u00e9es collect\u00e9es via Umami sont totalement anonymis\u00e9es et comprennent :<\/p>\n\n\n\n<ul class=\"wp-block-list\">\n<li>Pages visit\u00e9es<\/li>\n\n\n\n<li>Appareil utilis\u00e9 (mobile, ordinateur)<\/li>\n\n\n\n<li>Dur\u00e9e moyenne de la visite<\/li>\n\n\n\n<li>Origine g\u00e9ographique (pays, sans d\u00e9tail de l\u2019adresse IP)<\/li>\n<\/ul>\n\n\n\n<p>Ces informations nous aident uniquement \u00e0 am\u00e9liorer la navigation et l\u2019exp\u00e9rience utilisateur sur le site.<\/p>\n\n\n\n<h3 class=\"wp-block-heading\">Modifications de notre politique de cookies<\/h3>\n\n\n\n<p>Toute modification future sera mise \u00e0 jour sur cette page. <br>Nous vous invitons \u00e0 la consulter r\u00e9guli\u00e8rement.<\/p>\n\n\n\n<h3 class=\"wp-block-heading\">Contacts<\/h3>\n\n\n\n<p>Pour toute question ou clarification concernant notre gestion des donn\u00e9es et de la vie priv\u00e9e, vous pouvez nous contacter \u00e0 l&rsquo;adresse e-mail info@blunavytraghetti.com<\/p>\n\n","protected":false},"excerpt":{"rendered":"<p>L&rsquo;adresse de notre site web est : https:\/\/elbaferries.com. Que sont les cookies&nbsp;? Les cookies sont de petits fichiers texte envoy\u00e9s par les [&hellip;]<\/p>\n","protected":false},"author":1,"featured_media":0,"parent":0,"menu_order":0,"comment_status":"closed","ping_status":"open","template":"","meta":{"footnotes":""},"class_list":["post-764","page","type-page","status-publish","hentry"],"yoast_head":"<!-- This site is optimized with the Yoast SEO plugin v25.0 - https:\/\/yoast.com\/wordpress\/plugins\/seo\/ -->\n<title>Politique de confidentialit\u00e9 et de cookies<\/title>\n<meta name=\"description\" content=\"L&#039;adresse de notre site web est : https:\/\/elbaferries.com. Que sont les cookies&nbsp;? Les cookies sont de petits fichiers texte envoy\u00e9s par les sites web\" \/>\n<meta name=\"robots\" content=\"noindex, nofollow\" \/>\n<meta property=\"og:locale\" content=\"fr_FR\" \/>\n<meta property=\"og:type\" content=\"article\" \/>\n<meta property=\"og:title\" content=\"Politique de confidentialit\u00e9 et de cookies\" \/>\n<meta property=\"og:description\" content=\"L&#039;adresse de notre site web est : https:\/\/elbaferries.com. Que sont les cookies&nbsp;? Les cookies sont de petits fichiers texte envoy\u00e9s par les sites web\" \/>\n<meta property=\"og:url\" content=\"https:\/\/elbaferries.com\/fr\/privacy-policy\/\" \/>\n<meta property=\"og:site_name\" content=\"ElbaFerries, traghetti per l&#039;isola d&#039;Elba\" \/>\n<meta property=\"article:modified_time\" content=\"2025-05-03T20:00:09+00:00\" \/>\n<meta property=\"og:image\" content=\"https:\/\/elbaferries.com\/wp-content\/uploads\/2025\/03\/elbaferries-website.jpg\" \/>\n\t<meta property=\"og:image:width\" content=\"1200\" \/>\n\t<meta property=\"og:image:height\" content=\"675\" \/>\n\t<meta property=\"og:image:type\" content=\"image\/jpeg\" \/>\n<meta name=\"twitter:card\" content=\"summary_large_image\" \/>\n<meta name=\"twitter:label1\" content=\"Dur\u00e9e de lecture estim\u00e9e\" \/>\n\t<meta name=\"twitter:data1\" content=\"2 minutes\" \/>\n<script type=\"application\/ld+json\" class=\"yoast-schema-graph\">{\"@context\":\"https:\/\/schema.org\",\"@graph\":[{\"@type\":\"WebPage\",\"@id\":\"https:\/\/elbaferries.com\/fr\/privacy-policy\/\",\"url\":\"https:\/\/elbaferries.com\/fr\/privacy-policy\/\",\"name\":\"Politique de confidentialit\u00e9 et de cookies\",\"isPartOf\":{\"@id\":\"https:\/\/elbaferries.com\/fr\/#website\"},\"datePublished\":\"2023-12-26T17:28:10+00:00\",\"dateModified\":\"2025-05-03T20:00:09+00:00\",\"description\":\"L'adresse de notre site web est : https:\/\/elbaferries.com. Que sont les cookies&nbsp;? Les cookies sont de petits fichiers texte envoy\u00e9s par les sites web\",\"breadcrumb\":{\"@id\":\"https:\/\/elbaferries.com\/fr\/privacy-policy\/#breadcrumb\"},\"inLanguage\":\"fr-FR\",\"potentialAction\":[{\"@type\":\"ReadAction\",\"target\":[\"https:\/\/elbaferries.com\/fr\/privacy-policy\/\"]}]},{\"@type\":\"BreadcrumbList\",\"@id\":\"https:\/\/elbaferries.com\/fr\/privacy-policy\/#breadcrumb\",\"itemListElement\":[{\"@type\":\"ListItem\",\"position\":1,\"name\":\"Home\",\"item\":\"https:\/\/elbaferries.com\/fr\/\"},{\"@type\":\"ListItem\",\"position\":2,\"name\":\"Privacy e cookie Policy\"}]},{\"@type\":\"WebSite\",\"@id\":\"https:\/\/elbaferries.com\/fr\/#website\",\"url\":\"https:\/\/elbaferries.com\/fr\/\",\"name\":\"ElbaFerries, traghetti per l'isola d'Elba\",\"description\":\"Confronta tutti i prezzi per i traghetti dell&#039;Isola dell&#039;Elba, leggi le recensioni delle compagnie e trova il migliore traghetto per l&#039;Elba.\",\"publisher\":{\"@id\":\"https:\/\/elbaferries.com\/fr\/#organization\"},\"potentialAction\":[{\"@type\":\"SearchAction\",\"target\":{\"@type\":\"EntryPoint\",\"urlTemplate\":\"https:\/\/elbaferries.com\/fr\/?s={search_term_string}\"},\"query-input\":{\"@type\":\"PropertyValueSpecification\",\"valueRequired\":true,\"valueName\":\"search_term_string\"}}],\"inLanguage\":\"fr-FR\"},{\"@type\":\"Organization\",\"@id\":\"https:\/\/elbaferries.com\/fr\/#organization\",\"name\":\"ElbaFerries\",\"url\":\"https:\/\/elbaferries.com\/fr\/\",\"logo\":{\"@type\":\"ImageObject\",\"inLanguage\":\"fr-FR\",\"@id\":\"https:\/\/elbaferries.com\/fr\/#\/schema\/logo\/image\/\",\"url\":\"https:\/\/elbaferries.com\/wp-content\/uploads\/2025\/03\/elbaferries-website.jpg\",\"contentUrl\":\"https:\/\/elbaferries.com\/wp-content\/uploads\/2025\/03\/elbaferries-website.jpg\",\"width\":1200,\"height\":675,\"caption\":\"ElbaFerries\"},\"image\":{\"@id\":\"https:\/\/elbaferries.com\/fr\/#\/schema\/logo\/image\/\"}}]}<\/script>\n<!-- \/ Yoast SEO plugin. -->","yoast_head_json":{"title":"Politique de confidentialit\u00e9 et de cookies","description":"L'adresse de notre site web est : https:\/\/elbaferries.com. Que sont les cookies&nbsp;? Les cookies sont de petits fichiers texte envoy\u00e9s par les sites web","robots":{"index":"noindex","follow":"nofollow"},"og_locale":"fr_FR","og_type":"article","og_title":"Politique de confidentialit\u00e9 et de cookies","og_description":"L'adresse de notre site web est : https:\/\/elbaferries.com. Que sont les cookies&nbsp;? Les cookies sont de petits fichiers texte envoy\u00e9s par les sites web","og_url":"https:\/\/elbaferries.com\/fr\/privacy-policy\/","og_site_name":"ElbaFerries, traghetti per l&#039;isola d&#039;Elba","article_modified_time":"2025-05-03T20:00:09+00:00","og_image":[{"width":1200,"height":675,"url":"https:\/\/elbaferries.com\/wp-content\/uploads\/2025\/03\/elbaferries-website.jpg","type":"image\/jpeg"}],"twitter_card":"summary_large_image","twitter_misc":{"Dur\u00e9e de lecture estim\u00e9e":"2 minutes"},"schema":{"@context":"https:\/\/schema.org","@graph":[{"@type":"WebPage","@id":"https:\/\/elbaferries.com\/fr\/privacy-policy\/","url":"https:\/\/elbaferries.com\/fr\/privacy-policy\/","name":"Politique de confidentialit\u00e9 et de cookies","isPartOf":{"@id":"https:\/\/elbaferries.com\/fr\/#website"},"datePublished":"2023-12-26T17:28:10+00:00","dateModified":"2025-05-03T20:00:09+00:00","description":"L'adresse de notre site web est : https:\/\/elbaferries.com. Que sont les cookies&nbsp;? Les cookies sont de petits fichiers texte envoy\u00e9s par les sites web","breadcrumb":{"@id":"https:\/\/elbaferries.com\/fr\/privacy-policy\/#breadcrumb"},"inLanguage":"fr-FR","potentialAction":[{"@type":"ReadAction","target":["https:\/\/elbaferries.com\/fr\/privacy-policy\/"]}]},{"@type":"BreadcrumbList","@id":"https:\/\/elbaferries.com\/fr\/privacy-policy\/#breadcrumb","itemListElement":[{"@type":"ListItem","position":1,"name":"Home","item":"https:\/\/elbaferries.com\/fr\/"},{"@type":"ListItem","position":2,"name":"Privacy e cookie Policy"}]},{"@type":"WebSite","@id":"https:\/\/elbaferries.com\/fr\/#website","url":"https:\/\/elbaferries.com\/fr\/","name":"ElbaFerries, traghetti per l'isola d'Elba","description":"Confronta tutti i prezzi per i traghetti dell&#039;Isola dell&#039;Elba, leggi le recensioni delle compagnie e trova il migliore traghetto per l&#039;Elba.","publisher":{"@id":"https:\/\/elbaferries.com\/fr\/#organization"},"potentialAction":[{"@type":"SearchAction","target":{"@type":"EntryPoint","urlTemplate":"https:\/\/elbaferries.com\/fr\/?s={search_term_string}"},"query-input":{"@type":"PropertyValueSpecification","valueRequired":true,"valueName":"search_term_string"}}],"inLanguage":"fr-FR"},{"@type":"Organization","@id":"https:\/\/elbaferries.com\/fr\/#organization","name":"ElbaFerries","url":"https:\/\/elbaferries.com\/fr\/","logo":{"@type":"ImageObject","inLanguage":"fr-FR","@id":"https:\/\/elbaferries.com\/fr\/#\/schema\/logo\/image\/","url":"https:\/\/elbaferries.com\/wp-content\/uploads\/2025\/03\/elbaferries-website.jpg","contentUrl":"https:\/\/elbaferries.com\/wp-content\/uploads\/2025\/03\/elbaferries-website.jpg","width":1200,"height":675,"caption":"ElbaFerries"},"image":{"@id":"https:\/\/elbaferries.com\/fr\/#\/schema\/logo\/image\/"}}]}},"_links":{"self":[{"href":"https:\/\/elbaferries.com\/fr\/wp-json\/wp\/v2\/pages\/764","targetHints":{"allow":["GET"]}}],"collection":[{"href":"https:\/\/elbaferries.com\/fr\/wp-json\/wp\/v2\/pages"}],"about":[{"href":"https:\/\/elbaferries.com\/fr\/wp-json\/wp\/v2\/types\/page"}],"author":[{"embeddable":true,"href":"https:\/\/elbaferries.com\/fr\/wp-json\/wp\/v2\/users\/1"}],"replies":[{"embeddable":true,"href":"https:\/\/elbaferries.com\/fr\/wp-json\/wp\/v2\/comments?post=764"}],"version-history":[{"count":0,"href":"https:\/\/elbaferries.com\/fr\/wp-json\/wp\/v2\/pages\/764\/revisions"}],"wp:attachment":[{"href":"https:\/\/elbaferries.com\/fr\/wp-json\/wp\/v2\/media?parent=764"}],"curies":[{"name":"wp","href":"https:\/\/api.w.org\/{rel}","templated":true}]}}