{"id":771,"date":"2023-12-27T23:26:28","date_gmt":"2023-12-27T22:26:28","guid":{"rendered":"https:\/\/elbaferries.com\/termini-e-condizioni\/"},"modified":"2025-05-03T21:03:28","modified_gmt":"2025-05-03T20:03:28","slug":"termes-et-conditions","status":"publish","type":"page","link":"https:\/\/elbaferries.com\/fr\/termes-et-conditions\/","title":{"rendered":"Termes et Conditions"},"content":{"rendered":"\n<p><strong>Introduction et D\u00e9finitions<\/strong> Les pr\u00e9sents Termes et Conditions (\u00ab\u00a0Termes\u00a0\u00bb) r\u00e9gissent l\u2019offre promotionnelle (\u00ab\u00a0Offre\u00a0\u00bb) de billets gratuits pour l\u2019utilisation des services de ferry op\u00e9r\u00e9s par ou en collaboration avec elbaferries.com (\u00ab\u00a0Organisateur\u00a0\u00bb). Le terme \u00ab\u00a0Participant\u00a0\u00bb d\u00e9signe toute personne qui conclut cet accord (\u00ab\u00a0Accord\u00a0\u00bb) en remplissant le formulaire de participation sur le site de l\u2019Organisateur.<\/p>\n\n\n\n<p><strong>Capacit\u00e9 Juridique et Acceptation<\/strong> En participant, le Participant d\u00e9clare poss\u00e9der la capacit\u00e9 juridique n\u00e9cessaire pour conclure et respecter des contrats juridiquement contraignants. La participation implique l\u2019acceptation pleine et inconditionnelle de tous les termes, conditions, dispositions et clauses de non-responsabilit\u00e9 \u00e9nonc\u00e9s dans ce document.<\/p>\n\n\n\n<p><strong>Port\u00e9e et Limitations de l\u2019Offre<\/strong> L\u2019Offre est soumise \u00e0 disponibilit\u00e9 et peut faire l\u2019objet de restrictions ou d\u2019exclusions selon des crit\u00e8res d\u00e9termin\u00e9s unilat\u00e9ralement par l\u2019Organisateur. L\u2019Offre n\u2019est ni transf\u00e9rable, ni \u00e9changeable contre de l\u2019argent ou d\u2019autres biens ou services.<\/p>\n\n\n\n<p><strong>Processus d\u2019Attribution et de S\u00e9lection<\/strong> Les billets gratuits seront attribu\u00e9s \u00e0 la discr\u00e9tion de l\u2019Organisateur, en fonction de la disponibilit\u00e9 et de ses crit\u00e8res internes de s\u00e9lection. L\u2019Organisateur se r\u00e9serve le droit de v\u00e9rifier l\u2019\u00e9ligibilit\u00e9 et la validit\u00e9 des demandes.<\/p>\n\n\n\n<p><strong>Clauses de R\u00e9tractation et Limitation de Responsabilit\u00e9<\/strong> L\u2019Organisateur peut, \u00e0 sa seule discr\u00e9tion et sans justification, modifier, suspendre ou mettre fin \u00e0 l\u2019Offre \u00e0 tout moment. En outre, l\u2019Organisateur ne peut \u00eatre tenu responsable des dommages, pertes ou d\u00e9sagr\u00e9ments caus\u00e9s par des retards, annulations, dysfonctionnements techniques ou autres situations \u00e9chappant \u00e0 son contr\u00f4le raisonnable.<\/p>\n\n\n\n<p><strong>Loi Applicable et R\u00e9solution des Litiges<\/strong> Le pr\u00e9sent Accord est r\u00e9gi et interpr\u00e9t\u00e9 conform\u00e9ment aux lois de l\u2019\u00c9tat ou du pays o\u00f9 l\u2019Organisateur a son si\u00e8ge social. Tout litige relatif \u00e0 l\u2019Offre sera soumis exclusivement \u00e0 la juridiction des tribunaux comp\u00e9tents de cet \u00c9tat ou pays.<\/p>\n\n\n\n<p><strong>Dispositions Diverses :<\/strong> Toute renonciation \u00e0 un droit pr\u00e9vu par les pr\u00e9sents Termes doit \u00eatre faite par \u00e9crit et sign\u00e9e par l\u2019Organisateur. L\u2019invalidit\u00e9 ou la nullit\u00e9 d\u2019une disposition de ces Termes n\u2019affectera pas la validit\u00e9 des autres dispositions.<\/p>\n","protected":false},"excerpt":{"rendered":"<p>Introduction et D\u00e9finitions Les pr\u00e9sents Termes et Conditions (\u00ab\u00a0Termes\u00a0\u00bb) r\u00e9gissent l\u2019offre promotionnelle (\u00ab\u00a0Offre\u00a0\u00bb) de billets gratuits pour l\u2019utilisation des services de ferry [&hellip;]<\/p>\n","protected":false},"author":1,"featured_media":0,"parent":0,"menu_order":0,"comment_status":"closed","ping_status":"closed","template":"","meta":{"footnotes":""},"class_list":["post-771","page","type-page","status-publish","hentry"],"yoast_head":"<!-- This site is optimized with the Yoast SEO plugin v25.0 - https:\/\/yoast.com\/wordpress\/plugins\/seo\/ -->\n<title>Termes et Conditions<\/title>\n<meta name=\"robots\" content=\"noindex, nofollow\" \/>\n<meta property=\"og:locale\" content=\"fr_FR\" \/>\n<meta property=\"og:type\" content=\"article\" \/>\n<meta property=\"og:title\" content=\"Termes et Conditions\" \/>\n<meta property=\"og:description\" content=\"Introduction et D\u00e9finitions Les pr\u00e9sents Termes et Conditions (\u00ab\u00a0Termes\u00a0\u00bb) r\u00e9gissent l\u2019offre promotionnelle (\u00ab\u00a0Offre\u00a0\u00bb) de billets gratuits pour l\u2019utilisation des services de ferry [&hellip;]\" \/>\n<meta property=\"og:url\" content=\"https:\/\/elbaferries.com\/fr\/termes-et-conditions\/\" \/>\n<meta property=\"og:site_name\" content=\"ElbaFerries, traghetti per l&#039;isola d&#039;Elba\" \/>\n<meta property=\"article:modified_time\" content=\"2025-05-03T20:03:28+00:00\" \/>\n<meta property=\"og:image\" content=\"https:\/\/elbaferries.com\/wp-content\/uploads\/2025\/03\/elbaferries-website.jpg\" \/>\n\t<meta property=\"og:image:width\" content=\"1200\" \/>\n\t<meta property=\"og:image:height\" content=\"675\" \/>\n\t<meta property=\"og:image:type\" content=\"image\/jpeg\" \/>\n<meta name=\"twitter:card\" content=\"summary_large_image\" \/>\n<meta name=\"twitter:label1\" content=\"Dur\u00e9e de lecture estim\u00e9e\" \/>\n\t<meta name=\"twitter:data1\" content=\"2 minutes\" \/>\n<script type=\"application\/ld+json\" class=\"yoast-schema-graph\">{\"@context\":\"https:\/\/schema.org\",\"@graph\":[{\"@type\":\"WebPage\",\"@id\":\"https:\/\/elbaferries.com\/fr\/termes-et-conditions\/\",\"url\":\"https:\/\/elbaferries.com\/fr\/termes-et-conditions\/\",\"name\":\"Termes et Conditions\",\"isPartOf\":{\"@id\":\"https:\/\/elbaferries.com\/fr\/#website\"},\"datePublished\":\"2023-12-27T22:26:28+00:00\",\"dateModified\":\"2025-05-03T20:03:28+00:00\",\"breadcrumb\":{\"@id\":\"https:\/\/elbaferries.com\/fr\/termes-et-conditions\/#breadcrumb\"},\"inLanguage\":\"fr-FR\",\"potentialAction\":[{\"@type\":\"ReadAction\",\"target\":[\"https:\/\/elbaferries.com\/fr\/termes-et-conditions\/\"]}]},{\"@type\":\"BreadcrumbList\",\"@id\":\"https:\/\/elbaferries.com\/fr\/termes-et-conditions\/#breadcrumb\",\"itemListElement\":[{\"@type\":\"ListItem\",\"position\":1,\"name\":\"Home\",\"item\":\"https:\/\/elbaferries.com\/fr\/\"},{\"@type\":\"ListItem\",\"position\":2,\"name\":\"Termes et Conditions\"}]},{\"@type\":\"WebSite\",\"@id\":\"https:\/\/elbaferries.com\/fr\/#website\",\"url\":\"https:\/\/elbaferries.com\/fr\/\",\"name\":\"ElbaFerries, traghetti per l'isola d'Elba\",\"description\":\"Confronta tutti i prezzi per i traghetti dell&#039;Isola dell&#039;Elba, leggi le recensioni delle compagnie e trova il migliore traghetto per l&#039;Elba.\",\"publisher\":{\"@id\":\"https:\/\/elbaferries.com\/fr\/#organization\"},\"potentialAction\":[{\"@type\":\"SearchAction\",\"target\":{\"@type\":\"EntryPoint\",\"urlTemplate\":\"https:\/\/elbaferries.com\/fr\/?s={search_term_string}\"},\"query-input\":{\"@type\":\"PropertyValueSpecification\",\"valueRequired\":true,\"valueName\":\"search_term_string\"}}],\"inLanguage\":\"fr-FR\"},{\"@type\":\"Organization\",\"@id\":\"https:\/\/elbaferries.com\/fr\/#organization\",\"name\":\"ElbaFerries\",\"url\":\"https:\/\/elbaferries.com\/fr\/\",\"logo\":{\"@type\":\"ImageObject\",\"inLanguage\":\"fr-FR\",\"@id\":\"https:\/\/elbaferries.com\/fr\/#\/schema\/logo\/image\/\",\"url\":\"https:\/\/elbaferries.com\/wp-content\/uploads\/2025\/03\/elbaferries-website.jpg\",\"contentUrl\":\"https:\/\/elbaferries.com\/wp-content\/uploads\/2025\/03\/elbaferries-website.jpg\",\"width\":1200,\"height\":675,\"caption\":\"ElbaFerries\"},\"image\":{\"@id\":\"https:\/\/elbaferries.com\/fr\/#\/schema\/logo\/image\/\"}}]}<\/script>\n<!-- \/ Yoast SEO plugin. -->","yoast_head_json":{"title":"Termes et Conditions","robots":{"index":"noindex","follow":"nofollow"},"og_locale":"fr_FR","og_type":"article","og_title":"Termes et Conditions","og_description":"Introduction et D\u00e9finitions Les pr\u00e9sents Termes et Conditions (\u00ab\u00a0Termes\u00a0\u00bb) r\u00e9gissent l\u2019offre promotionnelle (\u00ab\u00a0Offre\u00a0\u00bb) de billets gratuits pour l\u2019utilisation des services de ferry [&hellip;]","og_url":"https:\/\/elbaferries.com\/fr\/termes-et-conditions\/","og_site_name":"ElbaFerries, traghetti per l&#039;isola d&#039;Elba","article_modified_time":"2025-05-03T20:03:28+00:00","og_image":[{"width":1200,"height":675,"url":"https:\/\/elbaferries.com\/wp-content\/uploads\/2025\/03\/elbaferries-website.jpg","type":"image\/jpeg"}],"twitter_card":"summary_large_image","twitter_misc":{"Dur\u00e9e de lecture estim\u00e9e":"2 minutes"},"schema":{"@context":"https:\/\/schema.org","@graph":[{"@type":"WebPage","@id":"https:\/\/elbaferries.com\/fr\/termes-et-conditions\/","url":"https:\/\/elbaferries.com\/fr\/termes-et-conditions\/","name":"Termes et Conditions","isPartOf":{"@id":"https:\/\/elbaferries.com\/fr\/#website"},"datePublished":"2023-12-27T22:26:28+00:00","dateModified":"2025-05-03T20:03:28+00:00","breadcrumb":{"@id":"https:\/\/elbaferries.com\/fr\/termes-et-conditions\/#breadcrumb"},"inLanguage":"fr-FR","potentialAction":[{"@type":"ReadAction","target":["https:\/\/elbaferries.com\/fr\/termes-et-conditions\/"]}]},{"@type":"BreadcrumbList","@id":"https:\/\/elbaferries.com\/fr\/termes-et-conditions\/#breadcrumb","itemListElement":[{"@type":"ListItem","position":1,"name":"Home","item":"https:\/\/elbaferries.com\/fr\/"},{"@type":"ListItem","position":2,"name":"Termes et Conditions"}]},{"@type":"WebSite","@id":"https:\/\/elbaferries.com\/fr\/#website","url":"https:\/\/elbaferries.com\/fr\/","name":"ElbaFerries, traghetti per l'isola d'Elba","description":"Confronta tutti i prezzi per i traghetti dell&#039;Isola dell&#039;Elba, leggi le recensioni delle compagnie e trova il migliore traghetto per l&#039;Elba.","publisher":{"@id":"https:\/\/elbaferries.com\/fr\/#organization"},"potentialAction":[{"@type":"SearchAction","target":{"@type":"EntryPoint","urlTemplate":"https:\/\/elbaferries.com\/fr\/?s={search_term_string}"},"query-input":{"@type":"PropertyValueSpecification","valueRequired":true,"valueName":"search_term_string"}}],"inLanguage":"fr-FR"},{"@type":"Organization","@id":"https:\/\/elbaferries.com\/fr\/#organization","name":"ElbaFerries","url":"https:\/\/elbaferries.com\/fr\/","logo":{"@type":"ImageObject","inLanguage":"fr-FR","@id":"https:\/\/elbaferries.com\/fr\/#\/schema\/logo\/image\/","url":"https:\/\/elbaferries.com\/wp-content\/uploads\/2025\/03\/elbaferries-website.jpg","contentUrl":"https:\/\/elbaferries.com\/wp-content\/uploads\/2025\/03\/elbaferries-website.jpg","width":1200,"height":675,"caption":"ElbaFerries"},"image":{"@id":"https:\/\/elbaferries.com\/fr\/#\/schema\/logo\/image\/"}}]}},"_links":{"self":[{"href":"https:\/\/elbaferries.com\/fr\/wp-json\/wp\/v2\/pages\/771","targetHints":{"allow":["GET"]}}],"collection":[{"href":"https:\/\/elbaferries.com\/fr\/wp-json\/wp\/v2\/pages"}],"about":[{"href":"https:\/\/elbaferries.com\/fr\/wp-json\/wp\/v2\/types\/page"}],"author":[{"embeddable":true,"href":"https:\/\/elbaferries.com\/fr\/wp-json\/wp\/v2\/users\/1"}],"replies":[{"embeddable":true,"href":"https:\/\/elbaferries.com\/fr\/wp-json\/wp\/v2\/comments?post=771"}],"version-history":[{"count":0,"href":"https:\/\/elbaferries.com\/fr\/wp-json\/wp\/v2\/pages\/771\/revisions"}],"wp:attachment":[{"href":"https:\/\/elbaferries.com\/fr\/wp-json\/wp\/v2\/media?parent=771"}],"curies":[{"name":"wp","href":"https:\/\/api.w.org\/{rel}","templated":true}]}}